{"id":13,"date":"2026-03-15T22:08:12","date_gmt":"2026-03-15T21:08:12","guid":{"rendered":"https:\/\/lobbycratie.com\/?page_id=13"},"modified":"2026-04-02T22:51:06","modified_gmt":"2026-04-02T20:51:06","slug":"bienvenue-sur-lobbycratie-com","status":"publish","type":"page","link":"https:\/\/lobbycratie.com\/","title":{"rendered":"Biblioth\u00e8que digitale"},"content":{"rendered":"\n<p>Un collectif citoyen propose un outil collaboratif pour r\u00e9pertorier les \u00e9tudes scientifiques sur l&rsquo;impact des pesticides sur la sant\u00e9 humaine et animale.<\/p>\n\n\n\n<figure class=\"wp-block-image aligncenter size-full is-resized\"><a href=\"https:\/\/lobbycratie.com\/graphes\/?hp=left&amp;rn=true&amp;file=\/graphes\/industrie-chimique\/graph.json\"><img loading=\"lazy\" decoding=\"async\" width=\"807\" height=\"807\" src=\"https:\/\/lobbycratie.com\/wp-content\/uploads\/2026\/03\/industrie-chimique-preview.png\" alt=\"\" class=\"wp-image-58\" style=\"aspect-ratio:1.043847671066606;width:235px;height:auto\" srcset=\"https:\/\/lobbycratie.com\/wp-content\/uploads\/2026\/03\/industrie-chimique-preview.png 807w, https:\/\/lobbycratie.com\/wp-content\/uploads\/2026\/03\/industrie-chimique-preview-300x300.png 300w, https:\/\/lobbycratie.com\/wp-content\/uploads\/2026\/03\/industrie-chimique-preview-150x150.png 150w, https:\/\/lobbycratie.com\/wp-content\/uploads\/2026\/03\/industrie-chimique-preview-768x768.png 768w\" sizes=\"auto, (max-width: 807px) 100vw, 807px\" \/><\/a><\/figure>\n\n\n\n<p class=\"has-text-align-center\"><a href=\"https:\/\/lobbycratie.com\/graphes\/?hp=left&amp;rn=true&amp;file=\/graphes\/industrie-chimique\/graph.json\">Comment l&rsquo;industrie chimique empoisonne le monde<\/a><\/p>\n\n\n\n<p><\/p>\n","protected":false},"excerpt":{"rendered":"<p>Un collectif citoyen propose un outil collaboratif pour r\u00e9pertorier les \u00e9tudes scientifiques sur l&rsquo;impact des pesticides sur la sant\u00e9 humaine et animale. Comment l&rsquo;industrie chimique empoisonne le monde<\/p>\n","protected":false},"author":1,"featured_media":0,"parent":0,"menu_order":0,"comment_status":"closed","ping_status":"closed","template":"","meta":{"footnotes":""},"class_list":["post-13","page","type-page","status-publish","hentry"],"_links":{"self":[{"href":"https:\/\/lobbycratie.com\/index.php\/wp-json\/wp\/v2\/pages\/13","targetHints":{"allow":["GET"]}}],"collection":[{"href":"https:\/\/lobbycratie.com\/index.php\/wp-json\/wp\/v2\/pages"}],"about":[{"href":"https:\/\/lobbycratie.com\/index.php\/wp-json\/wp\/v2\/types\/page"}],"author":[{"embeddable":true,"href":"https:\/\/lobbycratie.com\/index.php\/wp-json\/wp\/v2\/users\/1"}],"replies":[{"embeddable":true,"href":"https:\/\/lobbycratie.com\/index.php\/wp-json\/wp\/v2\/comments?post=13"}],"version-history":[{"count":13,"href":"https:\/\/lobbycratie.com\/index.php\/wp-json\/wp\/v2\/pages\/13\/revisions"}],"predecessor-version":[{"id":100,"href":"https:\/\/lobbycratie.com\/index.php\/wp-json\/wp\/v2\/pages\/13\/revisions\/100"}],"wp:attachment":[{"href":"https:\/\/lobbycratie.com\/index.php\/wp-json\/wp\/v2\/media?parent=13"}],"curies":[{"name":"wp","href":"https:\/\/api.w.org\/{rel}","templated":true}]}}