{"id":67,"date":"2026-04-01T10:26:08","date_gmt":"2026-04-01T08:26:08","guid":{"rendered":"https:\/\/lobbycratie.com\/?page_id=67"},"modified":"2026-04-01T10:31:19","modified_gmt":"2026-04-01T08:31:19","slug":"contribuer","status":"publish","type":"page","link":"https:\/\/lobbycratie.com\/index.php\/contribuer\/","title":{"rendered":"Contribuer"},"content":{"rendered":"\n<p>Contribuer \u00e0 la biblioth\u00e8que digitale qui r\u00e9pertorie les \u00e9tudes scientifiques sur l&rsquo;impact des pesticides.<\/p>\n\n\n\n<p><a href=\"https:\/\/framaforms.org\/contribuer-a-la-bibliotheque-digitale-qui-repertorie-les-etudes-scientifiques-sur-limpact-des\" target=\"_blank\" rel=\"noreferrer noopener\">Formulaire<\/a><\/p>\n\n\n\n<p><\/p>\n","protected":false},"excerpt":{"rendered":"<p>Contribuer \u00e0 la biblioth\u00e8que digitale qui r\u00e9pertorie les \u00e9tudes scientifiques sur l&rsquo;impact des pesticides. Formulaire<\/p>\n","protected":false},"author":1,"featured_media":0,"parent":0,"menu_order":5,"comment_status":"closed","ping_status":"closed","template":"","meta":{"footnotes":""},"class_list":["post-67","page","type-page","status-publish","hentry"],"_links":{"self":[{"href":"https:\/\/lobbycratie.com\/index.php\/wp-json\/wp\/v2\/pages\/67","targetHints":{"allow":["GET"]}}],"collection":[{"href":"https:\/\/lobbycratie.com\/index.php\/wp-json\/wp\/v2\/pages"}],"about":[{"href":"https:\/\/lobbycratie.com\/index.php\/wp-json\/wp\/v2\/types\/page"}],"author":[{"embeddable":true,"href":"https:\/\/lobbycratie.com\/index.php\/wp-json\/wp\/v2\/users\/1"}],"replies":[{"embeddable":true,"href":"https:\/\/lobbycratie.com\/index.php\/wp-json\/wp\/v2\/comments?post=67"}],"version-history":[{"count":2,"href":"https:\/\/lobbycratie.com\/index.php\/wp-json\/wp\/v2\/pages\/67\/revisions"}],"predecessor-version":[{"id":70,"href":"https:\/\/lobbycratie.com\/index.php\/wp-json\/wp\/v2\/pages\/67\/revisions\/70"}],"wp:attachment":[{"href":"https:\/\/lobbycratie.com\/index.php\/wp-json\/wp\/v2\/media?parent=67"}],"curies":[{"name":"wp","href":"https:\/\/api.w.org\/{rel}","templated":true}]}}